{"id":9,"date":"2025-04-19T18:13:44","date_gmt":"2025-04-19T16:13:44","guid":{"rendered":"https:\/\/omasgegenrechts-muenster.de\/?page_id=9"},"modified":"2025-04-19T18:13:44","modified_gmt":"2025-04-19T16:13:44","slug":"omas-gegen-rechts-muenster","status":"publish","type":"page","link":"https:\/\/www.omasgegenrechts-muenster.de\/","title":{"rendered":"Omas gegen Rechts &#8211; M\u00fcnster"},"content":{"rendered":"\t\t<div data-elementor-type=\"wp-page\" data-elementor-id=\"9\" class=\"elementor elementor-9\">\n\t\t\t\t<div class=\"elementor-element elementor-element-6419dad e-flex e-con-boxed e-con e-parent\" data-id=\"6419dad\" data-element_type=\"container\" data-e-type=\"container\">\n\t\t\t\t\t<div class=\"e-con-inner\">\n\t\t\t\t<div class=\"elementor-element elementor-element-fab9de2 elementor-widget elementor-widget-shortcode\" data-id=\"fab9de2\" data-element_type=\"widget\" data-e-type=\"widget\" data-widget_type=\"shortcode.default\">\n\t\t\t\t\t\t\t<div class=\"elementor-shortcode\">[ditty id=1844]<\/div>\n\t\t\t\t\t\t<\/div>\n\t\t\t\t\t<\/div>\n\t\t\t\t<\/div>\n\t\t<div class=\"elementor-element elementor-element-d815e09 e-flex e-con-boxed e-con e-parent\" data-id=\"d815e09\" data-element_type=\"container\" data-e-type=\"container\">\n\t\t\t\t\t<div class=\"e-con-inner\">\n\t\t\t\t<div class=\"elementor-element elementor-element-7381043 elementor-widget__width-initial elementor-widget elementor-widget-heading\" data-id=\"7381043\" data-element_type=\"widget\" data-e-type=\"widget\" data-widget_type=\"heading.default\">\n\t\t\t\t\t<h2 class=\"elementor-heading-title elementor-size-default\">Wir sind die <br \/>\nOMAS GEGEN RECHTS<br \/>\nin M\u00fcnster\n\n<\/h2>\t\t\t\t<\/div>\n\t\t\t\t\t<\/div>\n\t\t\t\t<\/div>\n\t\t<div class=\"elementor-element elementor-element-4d6b282 e-flex e-con-boxed e-con e-parent\" data-id=\"4d6b282\" data-element_type=\"container\" data-e-type=\"container\">\n\t\t\t\t\t<div class=\"e-con-inner\">\n\t\t\t\t<div class=\"elementor-element elementor-element-ae456d6 elementor-widget__width-initial elementor-widget elementor-widget-image\" data-id=\"ae456d6\" data-element_type=\"widget\" data-e-type=\"widget\" data-widget_type=\"image.default\">\n\t\t\t\t\t\t\t\t\t\t\t\t\t\t\t<img decoding=\"async\" src=\"https:\/\/omasgegenrechts-muenster.de\/wp-content\/uploads\/2025\/07\/Bild2-e1752523175567.jpg\" title=\"\" alt=\"\" loading=\"lazy\" \/>\t\t\t\t\t\t\t\t\t\t\t\t\t\t\t<\/div>\n\t\t\t\t\t<\/div>\n\t\t\t\t<\/div>\n\t\t<div class=\"elementor-element elementor-element-90a5f0d e-flex e-con-boxed e-con e-parent\" data-id=\"90a5f0d\" data-element_type=\"container\" data-e-type=\"container\">\n\t\t\t\t\t<div class=\"e-con-inner\">\n\t\t\t\t<div class=\"elementor-element elementor-element-e5d734b elementor-widget elementor-widget-heading\" data-id=\"e5d734b\" data-element_type=\"widget\" data-e-type=\"widget\" data-widget_type=\"heading.default\">\n\t\t\t\t\t<h2 class=\"elementor-heading-title elementor-size-default\">Willkommen bei den OMAS GEGEN RECHTS M\u00fcnster<\/h2>\t\t\t\t<\/div>\n\t\t\t\t\t<\/div>\n\t\t\t\t<\/div>\n\t\t<div class=\"elementor-element elementor-element-5e657df e-flex e-con-boxed e-con e-parent\" data-id=\"5e657df\" data-element_type=\"container\" data-e-type=\"container\">\n\t\t\t\t\t<div class=\"e-con-inner\">\n\t\t\t\t<div class=\"elementor-element elementor-element-b39065b elementor-widget elementor-widget-text-editor\" data-id=\"b39065b\" data-element_type=\"widget\" data-e-type=\"widget\" data-widget_type=\"text-editor.default\">\n\t\t\t\t\t\t\t\t\t<div><div><p>Wir sind eine engagierte Gruppe M\u00fcnsteranerinnen, die sich als Teil der bundesweiten Bewegung <strong>OMAS GEGEN RECHTS<\/strong> klar gegen Rechtsextremismus und Faschismus positioniert. Mit unseren unverkennbaren Teppichklopfern und Buttons treten wir \u00f6ffentlich f\u00fcr eine demokratische, vielf\u00e4ltige und weltoffene Gesellschaft ein.<\/p><p>Unsere Wurzeln liegen im M\u00fcnsterland. Jede von uns bringt ihre eigene Geschichte und Lebenserfahrung mit \u2013 ganz gleich, ob mit oder ohne Kinder und Enkel, ob neu hinzugezogen oder hier aufgewachsen, ehrenamtlich t\u00e4tig oder auf andere Weise engagiert.<br \/>Bei uns z\u00e4hlt das gemeinsame Ziel: das Engagement f\u00fcr unsere <a class=\"break-word hover:text-super hover:decoration-super underline decoration-from-font underline-offset-1 transition-all duration-300\" href=\"https:\/\/omasgegenrechts-muenster.de\/unsere-grundsaetze\/\" target=\"_blank\" rel=\"nofollow noopener\">Grunds\u00e4tze<\/a>. Jede Frau ist herzlich willkommen.<\/p><p><strong>Wir sind ein \u00fcberparteiliches B\u00fcndnis<\/strong>.<\/p><div>Was uns eint, ist die \u00dcberzeugung, dass es sich lohnt, aktiv zu sein, und die Lehre aus der Geschichte: <strong>Nie wieder Faschismus auf deutschem Boden!<\/strong><\/div><p>Mach mit, zeig Haltung, und setze mit uns ein Zeichen f\u00fcr Demokratie und Menschlichkeit in M\u00fcnster!<\/p><\/div><\/div>\t\t\t\t\t\t\t\t<\/div>\n\t\t\t\t\t<\/div>\n\t\t\t\t<\/div>\n\t\t<div class=\"elementor-element elementor-element-b48aee1 e-flex e-con-boxed e-con e-parent\" data-id=\"b48aee1\" data-element_type=\"container\" data-e-type=\"container\">\n\t\t\t\t\t<div class=\"e-con-inner\">\n\t\t<div class=\"elementor-element elementor-element-55e79b9 e-con-full e-flex e-con e-child\" data-id=\"55e79b9\" data-element_type=\"container\" data-e-type=\"container\">\n\t\t\t\t<div class=\"elementor-element elementor-element-e128b2a elementor-widget elementor-widget-image\" data-id=\"e128b2a\" data-element_type=\"widget\" data-e-type=\"widget\" data-widget_type=\"image.default\">\n\t\t\t\t\t\t\t\t\t\t\t\t\t\t\t<img fetchpriority=\"high\" decoding=\"async\" width=\"300\" height=\"225\" src=\"https:\/\/www.omasgegenrechts-muenster.de\/wp-content\/uploads\/2026\/04\/2025-02-15-Omas-Infostand4-300x225-1.jpeg\" class=\"attachment-large size-large wp-image-2773\" alt=\"\" \/>\t\t\t\t\t\t\t\t\t\t\t\t\t\t\t<\/div>\n\t\t\t\t<\/div>\n\t\t<div class=\"elementor-element elementor-element-8d38f41 e-con-full e-flex e-con e-child\" data-id=\"8d38f41\" data-element_type=\"container\" data-e-type=\"container\">\n\t\t\t\t<div class=\"elementor-element elementor-element-e4ae7ab elementor-widget elementor-widget-text-editor\" data-id=\"e4ae7ab\" data-element_type=\"widget\" data-e-type=\"widget\" data-widget_type=\"text-editor.default\">\n\t\t\t\t\t\t\t\t\t<p><strong>Klara Klartext \u2013 der neue Chatbot der OMAS GEGEN RECHTS<\/strong><\/p><p>Zum Weltfrauentag stellen die <strong>OMAS GEGEN RECHTS H\u00fcrth<\/strong> gemeinsam mit <strong>Sandra von den OMAS Nord &amp; Bund<\/strong> ihr neues Projekt <em>Klara Klartext<\/em> vor \u2013 ein digitales Werkzeug <strong>von OMAS f\u00fcr OMAS<\/strong> (und alle, die genauer hinschauen wollen).<\/p><p><strong>Klara<\/strong> ist ein Chatbot und themenbezogene Suchmaschine, die hilft, <strong>politische Aussagen einzuordnen, Parolen zu kontern<\/strong> und <strong>Unterrichts- oder Veranstaltungsmaterialien<\/strong> zu finden \u2013 klar, verst\u00e4ndlich und faktenbasiert.<\/p><p>Entwickelt wurde Klara von <strong>Bernadette Smail<\/strong> (Toronto) und dem Team der <strong>OMAS GEGEN RECHTS H\u00fcrth<\/strong>. Das Projekt zeigt, wie zivilgesellschaftliches Engagement und moderne Technik zusammenfinden k\u00f6nnen \u2013 kritisch, kompetent und verantwortungsvoll.<\/p><p>Klara funktioniert auf allen Ger\u00e4ten, ohne Anmeldung, und bietet Antworten in verschiedenen Verst\u00e4ndlichkeitsstufen \u2013 von kurzen Erkl\u00e4rungen bis zu vertiefenden Materialien.<\/p><p>\ud83d\udc49 Jetzt ausprobieren: <a href=\"https:\/\/klaraklartext.info\">https:\/\/klaraklartext.info<\/a><\/p><p>Ein Projekt der <strong>OMAS GEGEN RECHTS H\u00fcrth<\/strong> \u2013 f\u00fcr mehr Klarheit, Fakten und Demokratie im Alltag.<\/p>\t\t\t\t\t\t\t\t<\/div>\n\t\t\t\t<\/div>\n\t\t\t\t\t<\/div>\n\t\t\t\t<\/div>\n\t\t<div class=\"elementor-element elementor-element-220d13d e-flex e-con-boxed e-con e-parent\" data-id=\"220d13d\" data-element_type=\"container\" data-e-type=\"container\">\n\t\t\t\t\t<div class=\"e-con-inner\">\n\t\t\t\t<div class=\"elementor-element elementor-element-3934300 elementor-widget elementor-widget-text-editor\" data-id=\"3934300\" data-element_type=\"widget\" data-e-type=\"widget\" data-widget_type=\"text-editor.default\">\n\t\t\t\t\t\t\t\t\t<p>Unsere <strong>Treffen<\/strong> finden monatlich im Wechsel am Dienstagvormittag\u00a0 und Dienstagabend\u00a0 statt, siehe auch unter <a href=\"https:\/\/omasgegenrechts-muenster.de\/aktuelles\/\">Termine<\/a>. F\u00fcr genauere Angaben nehmt bitte <a href=\"https:\/\/omasgegenrechts-muenster.de\/kontaktinformationen\/\">Kontakt<\/a> auf\u00a0<\/p>\t\t\t\t\t\t\t\t<\/div>\n\t\t\t\t\t<\/div>\n\t\t\t\t<\/div>\n\t\t\t\t<\/div>\n\t\t","protected":false},"excerpt":{"rendered":"<p>[ditty id=1844] Wir sind die OMAS GEGEN RECHTS in M\u00fcnster Willkommen bei den OMAS GEGEN RECHTS M\u00fcnster Wir sind eine [&hellip;]<\/p>\n","protected":false},"author":1,"featured_media":0,"parent":0,"menu_order":0,"comment_status":"closed","ping_status":"closed","template":"","meta":{"site-sidebar-layout":"no-sidebar","site-content-layout":"","ast-site-content-layout":"full-width-container","site-content-style":"default","site-sidebar-style":"default","ast-global-header-display":"","ast-banner-title-visibility":"","ast-main-header-display":"","ast-hfb-above-header-display":"","ast-hfb-below-header-display":"","ast-hfb-mobile-header-display":"","site-post-title":"","ast-breadcrumbs-content":"","ast-featured-img":"disabled","footer-sml-layout":"","ast-disable-related-posts":"","theme-transparent-header-meta":"","adv-header-id-meta":"","stick-header-meta":"","header-above-stick-meta":"","header-main-stick-meta":"","header-below-stick-meta":"","astra-migrate-meta-layouts":"default","ast-page-background-enabled":"default","ast-page-background-meta":{"desktop":{"background-color":"var(--ast-global-color-5)","background-image":"","background-repeat":"repeat","background-position":"center center","background-size":"auto","background-attachment":"scroll","background-type":"","background-media":"","overlay-type":"","overlay-color":"","overlay-opacity":"","overlay-gradient":""},"tablet":{"background-color":"","background-image":"","background-repeat":"repeat","background-position":"center center","background-size":"auto","background-attachment":"scroll","background-type":"","background-media":"","overlay-type":"","overlay-color":"","overlay-opacity":"","overlay-gradient":""},"mobile":{"background-color":"","background-image":"","background-repeat":"repeat","background-position":"center center","background-size":"auto","background-attachment":"scroll","background-type":"","background-media":"","overlay-type":"","overlay-color":"","overlay-opacity":"","overlay-gradient":""}},"ast-content-background-meta":{"desktop":{"background-color":"var(--ast-global-color-4)","background-image":"","background-repeat":"repeat","background-position":"center center","background-size":"auto","background-attachment":"scroll","background-type":"","background-media":"","overlay-type":"","overlay-color":"","overlay-opacity":"","overlay-gradient":""},"tablet":{"background-color":"var(--ast-global-color-4)","background-image":"","background-repeat":"repeat","background-position":"center center","background-size":"auto","background-attachment":"scroll","background-type":"","background-media":"","overlay-type":"","overlay-color":"","overlay-opacity":"","overlay-gradient":""},"mobile":{"background-color":"var(--ast-global-color-4)","background-image":"","background-repeat":"repeat","background-position":"center center","background-size":"auto","background-attachment":"scroll","background-type":"","background-media":"","overlay-type":"","overlay-color":"","overlay-opacity":"","overlay-gradient":""}},"footnotes":""},"class_list":["post-9","page","type-page","status-publish","hentry"],"_links":{"self":[{"href":"https:\/\/www.omasgegenrechts-muenster.de\/index.php?rest_route=\/wp\/v2\/pages\/9","targetHints":{"allow":["GET"]}}],"collection":[{"href":"https:\/\/www.omasgegenrechts-muenster.de\/index.php?rest_route=\/wp\/v2\/pages"}],"about":[{"href":"https:\/\/www.omasgegenrechts-muenster.de\/index.php?rest_route=\/wp\/v2\/types\/page"}],"author":[{"embeddable":true,"href":"https:\/\/www.omasgegenrechts-muenster.de\/index.php?rest_route=\/wp\/v2\/users\/1"}],"replies":[{"embeddable":true,"href":"https:\/\/www.omasgegenrechts-muenster.de\/index.php?rest_route=%2Fwp%2Fv2%2Fcomments&post=9"}],"version-history":[{"count":0,"href":"https:\/\/www.omasgegenrechts-muenster.de\/index.php?rest_route=\/wp\/v2\/pages\/9\/revisions"}],"wp:attachment":[{"href":"https:\/\/www.omasgegenrechts-muenster.de\/index.php?rest_route=%2Fwp%2Fv2%2Fmedia&parent=9"}],"curies":[{"name":"wp","href":"https:\/\/api.w.org\/{rel}","templated":true}]}}